{"id":506,"date":"2020-08-23T02:33:45","date_gmt":"2020-08-23T02:33:45","guid":{"rendered":"http:\/\/hedgehope.pl\/index.php\/home\/"},"modified":"2021-10-26T15:25:37","modified_gmt":"2021-10-26T15:25:37","slug":"home","status":"publish","type":"page","link":"https:\/\/hedgehope.pl\/","title":{"rendered":"Home"},"content":{"rendered":"\n<div class=\"wp-block-cover alignfull has-background-dim-10 has-background-dim\" style=\"background-color:#7a8b38;min-height:800px;aspect-ratio:unset;\"><img loading=\"lazy\" decoding=\"async\" width=\"2560\" height=\"1241\" class=\"wp-block-cover__image-background wp-image-925\" alt=\"\" src=\"http:\/\/hedgehope.pl\/wp-content\/uploads\/2021\/10\/IMG_5149-2-scaled-e1634388166210.jpg\" data-object-fit=\"cover\" srcset=\"https:\/\/hedgehope.pl\/wp-content\/uploads\/2021\/10\/IMG_5149-2-scaled-e1634388166210.jpg 2560w, https:\/\/hedgehope.pl\/wp-content\/uploads\/2021\/10\/IMG_5149-2-scaled-e1634388166210-300x145.jpg 300w, https:\/\/hedgehope.pl\/wp-content\/uploads\/2021\/10\/IMG_5149-2-scaled-e1634388166210-1024x496.jpg 1024w, https:\/\/hedgehope.pl\/wp-content\/uploads\/2021\/10\/IMG_5149-2-scaled-e1634388166210-768x372.jpg 768w, https:\/\/hedgehope.pl\/wp-content\/uploads\/2021\/10\/IMG_5149-2-scaled-e1634388166210-1536x745.jpg 1536w, https:\/\/hedgehope.pl\/wp-content\/uploads\/2021\/10\/IMG_5149-2-scaled-e1634388166210-2048x993.jpg 2048w\" sizes=\"auto, (max-width: 2560px) 100vw, 2560px\" \/><div class=\"wp-block-cover__inner-container is-layout-flow wp-block-cover-is-layout-flow\">\n<div class=\"wp-block-columns alignwide are-vertically-aligned-center is-layout-flex wp-container-core-columns-is-layout-9d6595d7 wp-block-columns-is-layout-flex\">\n<div class=\"wp-block-column is-vertically-aligned-center is-layout-flow wp-block-column-is-layout-flow\">\n<div style=\"height:236px\" aria-hidden=\"true\" class=\"wp-block-spacer\"><\/div>\n\n\n\n<h1 class=\"has-white-color has-text-color wp-block-heading\">Fundacja Hedgehope<\/h1>\n\n\n\n<p class=\"has-white-color has-text-color\">Ich \u017cycie w naszych r\u0119kach.<\/p>\n<\/div>\n\n\n\n<div class=\"wp-block-column is-vertically-aligned-center is-layout-flow wp-block-column-is-layout-flow\"><\/div>\n<\/div>\n<\/div><\/div>\n\n\n\n<div class=\"wp-block-group alignfull has-background\" style=\"background-color:#f7f7f8\"><div class=\"wp-block-group__inner-container is-layout-flow wp-block-group-is-layout-flow\">\n<div class=\"wp-block-columns is-layout-flex wp-container-core-columns-is-layout-9d6595d7 wp-block-columns-is-layout-flex\">\n<div class=\"wp-block-column is-layout-flow wp-block-column-is-layout-flow\" style=\"flex-basis:60%\">\n<h2 class=\"wp-block-heading\">O nas<\/h2>\n\n\n\n<p><strong>Fundacja Hedgehope<\/strong> powsta\u0142a oficjalnie dopiero w 2021 roku, ale je\u017ce od lat zajmuj\u0105 wa\u017cne miejsce w naszych sercach. Wiele lat temu w moim domu go\u015bci\u0142y tylko je\u017ce pigmejskie, ale pewnego dnia kolega stan\u0105\u0142 w moich drzwiach z malutkim je\u017cem europejskim, kt\u00f3rego matka i rodze\u0144stwo zgin\u0119\u0142y pod ko\u0142ami samochodu&#8230; I tak dziesi\u0105tki je\u017cy p\u00f3\u017aniej sta\u0142am si\u0119 <strong>&#8222;Kasi\u0105 od je\u017cy&#8221;<\/strong>, a teraz &#8211; kiedy &#8222;na koncie&#8221; mam setki odkarmionych, odchowanych, wyleczonych zwierzak\u00f3w &#8211; mog\u0119 je ratowa\u0107 pod szyldem Fundacji. Wszystkie, kt\u00f3rym si\u0119 uda\u0142o &#8211; wr\u00f3ci\u0142y na wolno\u015b\u0107 i to jest nasz g\u0142\u00f3wny <strong>cel,<\/strong> \u017ceby <strong>dzikie zwierz\u0119ta zwraca\u0107 naturze.<\/strong><\/p>\n\n\n\n<div class=\"wp-block-buttons is-layout-flex wp-block-buttons-is-layout-flex\">\n<div class=\"wp-block-button is-style-fill\"><a class=\"wp-block-button__link has-white-color has-text-color has-background\" href=\"http:\/\/hedgehope.pl\/index.php\/o-nas\/\" style=\"background-color:#728836\">Wi\u0119cej o nas<\/a><\/div>\n<\/div>\n<\/div>\n\n\n\n<div class=\"wp-block-column is-layout-flow wp-block-column-is-layout-flow\">\n<figure class=\"wp-block-image size-full\"><img loading=\"lazy\" decoding=\"async\" width=\"800\" height=\"800\" src=\"http:\/\/hedgehope.pl\/wp-content\/uploads\/2021\/10\/1.png\" alt=\"\" class=\"wp-image-913\" srcset=\"https:\/\/hedgehope.pl\/wp-content\/uploads\/2021\/10\/1.png 800w, https:\/\/hedgehope.pl\/wp-content\/uploads\/2021\/10\/1-300x300.png 300w, https:\/\/hedgehope.pl\/wp-content\/uploads\/2021\/10\/1-150x150.png 150w, https:\/\/hedgehope.pl\/wp-content\/uploads\/2021\/10\/1-768x768.png 768w\" sizes=\"auto, (max-width: 800px) 100vw, 800px\" \/><\/figure>\n<\/div>\n<\/div>\n<\/div><\/div>\n\n\n\n<div class=\"wp-block-cover alignfull has-background-dim-70 has-background-dim wp-duotone-000000-ffffff-1\" style=\"background-color:#7a8b38;min-height:280px;aspect-ratio:unset;\"><img loading=\"lazy\" decoding=\"async\" width=\"1936\" height=\"1296\" class=\"wp-block-cover__image-background wp-image-1115\" alt=\"\" src=\"https:\/\/hedgehope.pl\/wp-content\/uploads\/2021\/10\/37860308_1637719613023173_661826646105391104_n.jpg\" style=\"object-position:52% 58%\" data-object-fit=\"cover\" data-object-position=\"52% 58%\" srcset=\"https:\/\/hedgehope.pl\/wp-content\/uploads\/2021\/10\/37860308_1637719613023173_661826646105391104_n.jpg 1936w, https:\/\/hedgehope.pl\/wp-content\/uploads\/2021\/10\/37860308_1637719613023173_661826646105391104_n-300x201.jpg 300w, https:\/\/hedgehope.pl\/wp-content\/uploads\/2021\/10\/37860308_1637719613023173_661826646105391104_n-1024x685.jpg 1024w, https:\/\/hedgehope.pl\/wp-content\/uploads\/2021\/10\/37860308_1637719613023173_661826646105391104_n-768x514.jpg 768w, https:\/\/hedgehope.pl\/wp-content\/uploads\/2021\/10\/37860308_1637719613023173_661826646105391104_n-1536x1028.jpg 1536w\" sizes=\"auto, (max-width: 1936px) 100vw, 1936px\" \/><div class=\"wp-block-cover__inner-container is-layout-flow wp-block-cover-is-layout-flow\">\n<div class=\"wp-block-columns alignwide is-layout-flex wp-container-core-columns-is-layout-9d6595d7 wp-block-columns-is-layout-flex\">\n<div class=\"wp-block-column is-vertically-aligned-center is-layout-flow wp-block-column-is-layout-flow\">\n<h2 class=\"has-text-align-left has-white-color has-text-color wp-block-heading\">Niech uwJE\u017b\u0105 w dobrych ludzi!<\/h2>\n\n\n\n<p class=\"has-white-color has-text-color\">Pom\u00f3\u017c ochrania\u0107 je\u017ce, wp\u0142a\u0107 dowoln\u0105 darowizn\u0119 na konto. <\/p>\n\n\n\n<p class=\"has-white-color has-text-color\">52 1140 2004 0000 3102 8170 1152<\/p>\n\n\n\n<p class=\"has-white-color has-text-color\">Mo\u017cesz te\u017c pom\u00f3c na inne sposoby:<\/p>\n\n\n\n<div class=\"wp-block-buttons is-layout-flex wp-block-buttons-is-layout-flex\">\n<div class=\"wp-block-button is-style-fill\"><a class=\"wp-block-button__link has-black-color has-white-background-color has-text-color has-background\" href=\"http:\/\/hedgehope.pl\/index.php\/jak-pomoc\/\">Dowiedz si\u0119, jak!<\/a><\/div>\n<\/div>\n<\/div>\n\n\n\n<div class=\"wp-block-column is-vertically-aligned-center is-layout-flow wp-block-column-is-layout-flow\">\n<p class=\"has-white-color has-text-color\"><\/p>\n<\/div>\n<\/div>\n<\/div><\/div>\n\n\n\n<div class=\"wp-block-group alignfull has-white-background-color has-background\"><div class=\"wp-block-group__inner-container is-layout-flow wp-block-group-is-layout-flow\">\n<h2 class=\"has-text-align-center wp-block-heading\">Najcz\u0119\u015bciej zadawane pytania:<\/h2>\n\n\n\n<div class=\"wp-block-columns alignwide is-layout-flex wp-container-core-columns-is-layout-9d6595d7 wp-block-columns-is-layout-flex\">\n<div class=\"wp-block-column is-vertically-aligned-top is-layout-flow wp-block-column-is-layout-flow\">\n<h3 class=\"has-text-color has-medium-font-size wp-block-heading\" style=\"color:#728836\"><strong>Zobaczy\u0142am na moim osiedlu je\u017ca, jak mu pom\u00f3c?<\/strong><\/h3>\n\n\n\n<p>Je\u015bli je\u017c nie ma problem\u00f3w z poruszaniem &#8211; zostaw go w spokoju, to po prostu Tw\u00f3j s\u0105siad. Nie potrzebuje pomocy, on wie, gdzie znale\u017a\u0107 jedzenie i pod kt\u00f3rym krzaczkiem ma dom.<\/p>\n\n\n\n<h3 class=\"has-text-color has-medium-font-size wp-block-heading\" style=\"color:#728836\"><strong>Widz\u0119 dziwnie poruszaj\u0105cego si\u0119 je\u017ca, chyba jest ranny&#8230;<\/strong><\/h3>\n\n\n\n<p>Poobserwuj go chwil\u0119, mo\u017ce jest zdezorientowany. Je\u015bli kuleje, kr\u0119ci si\u0119 w k\u00f3\u0142ko albo co gorsza &#8211; ma problemy z chodzeniem lub nie mo\u017ce wsta\u0107 &#8211;  z pomoc\u0105 r\u0119cznika delikatnie przenie\u015b zwierz\u0119 do pojemnika, tylko upewnij si\u0119, \u017ce ma odpowiedni\u0105 wentylacj\u0119. Koniecznie poszukaj fachowej pomocy! Lista o\u015brodk\u00f3w jest <a href=\"https:\/\/www.gov.pl\/web\/gdos\/wykaz-osrodkow-rehabilitacji-zwierzat\" data-type=\"URL\" data-id=\"https:\/\/www.gov.pl\/web\/gdos\/wykaz-osrodkow-rehabilitacji-zwierzat\">TUTAJ<\/a>.<\/p>\n\n\n\n<figure class=\"wp-block-image size-large is-resized\"><img loading=\"lazy\" decoding=\"async\" src=\"http:\/\/hedgehope.pl\/wp-content\/uploads\/2021\/10\/linia_l-1-1024x26.png\" alt=\"\" class=\"wp-image-1012\" width=\"781\" height=\"19\" srcset=\"https:\/\/hedgehope.pl\/wp-content\/uploads\/2021\/10\/linia_l-1-1024x26.png 1024w, https:\/\/hedgehope.pl\/wp-content\/uploads\/2021\/10\/linia_l-1-300x8.png 300w, https:\/\/hedgehope.pl\/wp-content\/uploads\/2021\/10\/linia_l-1-768x19.png 768w, https:\/\/hedgehope.pl\/wp-content\/uploads\/2021\/10\/linia_l-1.png 1200w\" sizes=\"auto, (max-width: 781px) 100vw, 781px\" \/><\/figure>\n\n\n\n<h3 class=\"has-text-color has-medium-font-size wp-block-heading\" style=\"color:#728836\"><strong>Mam ogr\u00f3d, jest szansa, \u017ce zamieszka w nim je\u017c?<\/strong><\/h3>\n\n\n\n<p>Je\u017ce to dzikie zwierz\u0119ta, ale mo\u017cemy je spotka\u0107 na ulicach miast czy w ogrodach, zatem &#8211; tak, to mo\u017cliwe, \u017ce zamieszka w Twoim ogrodzie, je\u015bli jest tam miejsce, w kt\u00f3rym m\u00f3g\u0142by si\u0119 skry\u0107 &#8211; g\u0119ste zaro\u015bla, a zim\u0105 &#8211; sterta li\u015bci i ga\u0142\u0119zi. Je\u015bli je\u017c zdecyduje si\u0119 na Twoje s\u0105siedztwo &#8211; tylko si\u0119 cieszy\u0107! Nie przeszkadzaj mu, pilnuj, \u017ceby nie interesowa\u0142 si\u0119 nim Tw\u00f3j pies &#8211; szczekaj\u0105cy nad je\u017cem zwierzak jest ogromnie stresuj\u0105cy! <\/p>\n<\/div>\n\n\n\n<div class=\"wp-block-column is-layout-flow wp-block-column-is-layout-flow\">\n<h3 class=\"has-text-color has-medium-font-size wp-block-heading\" style=\"color:#728836\"><strong>Zabra\u0142em z ulicy malutkiego je\u017ca, jakie mleko mu da\u0107?<\/strong><\/h3>\n\n\n\n<p>Zak\u0142adaj\u0105c, \u017ce maluchowi zagra\u017ca\u0142o niebezpiecze\u0144stwo i dlatego go zabra\u0142e\u015b (w przeciwnym razie nie mia\u0142e\u015b do tego prawa) &#8211; koniecznie poszukaj dla niego fachowej opieki &#8211; kogo\u015b, kto ma do\u015bwiadczenie w odchowaniu takiego oseska. Lista o\u015brodk\u00f3w jest <a href=\"https:\/\/www.gov.pl\/web\/gdos\/wykaz-osrodkow-rehabilitacji-zwierzat\" data-type=\"URL\" data-id=\"https:\/\/www.gov.pl\/web\/gdos\/wykaz-osrodkow-rehabilitacji-zwierzat\">TUTAJ<\/a>. <strong>Nieodpowiednie po\u017cywienie mo\u017ce doprowadzi\u0107 do jego \u015bmierci, nie opiekuj si\u0119 takim maluchem nie maj\u0105c wiedzy, jak to zrobi\u0107!<\/strong><\/p>\n\n\n\n<h3 class=\"has-text-color has-medium-font-size wp-block-heading\" style=\"color:#728836\"><strong>Idzie zima, a widz\u0119 w okolicy je\u017ce. Trzeba im pom\u00f3c?<\/strong><\/h3>\n\n\n\n<p>Doros\u0142e je\u017ce radz\u0105 sobie w zimie, zwykle j\u0105 przesypiaj\u0105, zatem je\u015bli widzisz du\u017cego je\u017ca &#8211; nie musisz go niepokoi\u0107. Je\u015bli jednak ju\u017c s\u0105 przymrozki, a Ty widzisz ma\u0142e je\u017cyki i niepokoi Ci\u0119 ich wielko\u015b\u0107 &#8211; poszukaj pomocy &#8211; lista o\u015brodk\u00f3w jest <a href=\"https:\/\/www.gov.pl\/web\/gdos\/wykaz-osrodkow-rehabilitacji-zwierzat\" data-type=\"URL\" data-id=\"https:\/\/www.gov.pl\/web\/gdos\/wykaz-osrodkow-rehabilitacji-zwierzat\">TUTAJ<\/a>. \u017beby je\u017c przetrwa\u0142 zim\u0119, musi wa\u017cy\u0107 wi\u0119cej ni\u017c 750g.<\/p>\n\n\n\n<h3 class=\"has-text-color has-medium-font-size wp-block-heading\" style=\"color:#728836\"><strong>&#8230;i najwa\u017cniejsze &#8211; dok\u0105d tupta noc\u0105 je\u017c?<\/strong><\/h3>\n\n\n\n<p>Mo\u017ce Ci\u0119 to zdziwi, ale ma\u0142y je\u017c na jeszcze mniejszych n\u00f3\u017ckach jest w stanie przej\u015b\u0107 nawet 2 kilometry w ci\u0105gu jednej nocy! Z pewno\u015bci\u0105 szuka po\u017cywienia, partnera\/partnerki albo&#8230; wraca do domu po dobrze przetuptanej nocy. <\/p>\n<\/div>\n<\/div>\n<\/div><\/div>\n\n\n\n<div class=\"wp-block-cover alignfull has-background-dim-10 has-background-dim\" style=\"background-color:#7a8b38;min-height:200px;aspect-ratio:unset;\"><img loading=\"lazy\" decoding=\"async\" width=\"2560\" height=\"1468\" class=\"wp-block-cover__image-background wp-image-934\" alt=\"\" src=\"http:\/\/hedgehope.pl\/wp-content\/uploads\/2021\/10\/IMG_4984-scaled.jpg\" style=\"object-position:50% 57%\" data-object-fit=\"cover\" data-object-position=\"50% 57%\" srcset=\"https:\/\/hedgehope.pl\/wp-content\/uploads\/2021\/10\/IMG_4984-scaled.jpg 2560w, https:\/\/hedgehope.pl\/wp-content\/uploads\/2021\/10\/IMG_4984-300x172.jpg 300w, https:\/\/hedgehope.pl\/wp-content\/uploads\/2021\/10\/IMG_4984-1024x587.jpg 1024w, https:\/\/hedgehope.pl\/wp-content\/uploads\/2021\/10\/IMG_4984-768x441.jpg 768w, https:\/\/hedgehope.pl\/wp-content\/uploads\/2021\/10\/IMG_4984-1536x881.jpg 1536w, https:\/\/hedgehope.pl\/wp-content\/uploads\/2021\/10\/IMG_4984-2048x1175.jpg 2048w\" sizes=\"auto, (max-width: 2560px) 100vw, 2560px\" \/><div class=\"wp-block-cover__inner-container is-layout-flow wp-block-cover-is-layout-flow\">\n<div class=\"wp-block-columns alignwide are-vertically-aligned-center is-layout-flex wp-container-core-columns-is-layout-9d6595d7 wp-block-columns-is-layout-flex\">\n<div class=\"wp-block-column is-layout-flow wp-block-column-is-layout-flow\"><\/div>\n\n\n\n<div class=\"wp-block-column is-layout-flow wp-block-column-is-layout-flow\"><\/div>\n<\/div>\n<\/div><\/div>\n","protected":false},"excerpt":{"rendered":"<p>O nas Fundacja Hedgehope powsta\u0142a oficjalnie dopiero w 2021 roku, ale je\u017ce od lat zajmuj\u0105 wa\u017cne miejsce w naszych sercach. Wiele lat temu w moim domu go\u015bci\u0142y tylko je\u017ce pigmejskie, ale pewnego dnia kolega stan\u0105\u0142 w moich drzwiach z malutkim je\u017cem europejskim, kt\u00f3rego matka i rodze\u0144stwo zgin\u0119\u0142y pod ko\u0142ami samochodu&#8230; I tak dziesi\u0105tki je\u017cy p\u00f3\u017aniej &hellip;<\/p>\n<p class=\"read-more\"> <a class=\"\" href=\"https:\/\/hedgehope.pl\/\"> <span class=\"screen-reader-text\">Home<\/span> Read More &raquo;<\/a><\/p>\n","protected":false},"author":1,"featured_media":0,"parent":0,"menu_order":0,"comment_status":"closed","ping_status":"closed","template":"","meta":{"footnotes":""},"class_list":["post-506","page","type-page","status-publish","hentry"],"_links":{"self":[{"href":"https:\/\/hedgehope.pl\/index.php\/wp-json\/wp\/v2\/pages\/506","targetHints":{"allow":["GET"]}}],"collection":[{"href":"https:\/\/hedgehope.pl\/index.php\/wp-json\/wp\/v2\/pages"}],"about":[{"href":"https:\/\/hedgehope.pl\/index.php\/wp-json\/wp\/v2\/types\/page"}],"author":[{"embeddable":true,"href":"https:\/\/hedgehope.pl\/index.php\/wp-json\/wp\/v2\/users\/1"}],"replies":[{"embeddable":true,"href":"https:\/\/hedgehope.pl\/index.php\/wp-json\/wp\/v2\/comments?post=506"}],"version-history":[{"count":65,"href":"https:\/\/hedgehope.pl\/index.php\/wp-json\/wp\/v2\/pages\/506\/revisions"}],"predecessor-version":[{"id":1116,"href":"https:\/\/hedgehope.pl\/index.php\/wp-json\/wp\/v2\/pages\/506\/revisions\/1116"}],"wp:attachment":[{"href":"https:\/\/hedgehope.pl\/index.php\/wp-json\/wp\/v2\/media?parent=506"}],"curies":[{"name":"wp","href":"https:\/\/api.w.org\/{rel}","templated":true}]}}